{"id":5947,"date":"2022-11-21T14:36:55","date_gmt":"2022-11-21T20:36:55","guid":{"rendered":"https:\/\/orbiscorporstg.wpengine.com\/product\/rcso2415-1\/"},"modified":"2025-11-05T08:18:05","modified_gmt":"2025-11-05T14:18:05","slug":"rcnxo2415-1","status":"publish","type":"product","link":"https:\/\/www-stg.orbiscorporation.com\/es-mx\/products\/hand-held-containers\/tapas-es-mx\/rcnxo2415-1\/","title":{"rendered":"RCNXO2415-1"},"content":{"rendered":"<p><span data-contrast=\"auto\">La tapa\u00a0<\/span><b><span data-contrast=\"auto\">RCNXO2415<\/span><\/b><span data-contrast=\"auto\"> es la \u00faltima innovaci\u00f3n de ORBIS, dise\u00f1ada espec\u00edficamente para satisfacer las necesidades cambiantes de la industria automotriz. Estas tapas ayudan a proteger las piezas y a mantener estrictos est\u00e1ndares de limpieza.\u00a0<\/span><span data-contrast=\"auto\">Cuentan con una nueva estructura de refuerzos que previene deformaciones y leng\u00fcetas de bloqueo removibles opcionales para facilitar la automatizaci\u00f3n.<\/span><span data-ccp-props=\"{}\">\u00a0<\/span><\/p>\n<p><strong><span class=\"TextRun SCXW247753967 BCX0\" lang=\"ES-MX\" xml:lang=\"ES-MX\" data-contrast=\"auto\"><span class=\"NormalTextRun SCXW247753967 BCX0\">BENEFICIOS:<\/span><\/span><span class=\"EOP SCXW247753967 BCX0\" data-ccp-props=\"{}\">\u00a0<\/span><\/strong><\/p>\n<ul>\n<li><span class=\"TextRun SCXW16754331 BCX0\" lang=\"ES-MX\" xml:lang=\"ES-MX\" data-contrast=\"auto\"><span class=\"NormalTextRun SCXW16754331 BCX0\">Protege las piezas durante el transporte.<\/span><\/span><\/li>\n<li><span class=\"TextRun SCXW16754331 BCX0\" lang=\"ES-MX\" xml:lang=\"ES-MX\" data-contrast=\"auto\"><span class=\"NormalTextRun SCXW16754331 BCX0\">Mantiene las piezas limpias y libres de contaminaci\u00f3n.<\/span><\/span><\/li>\n<li><span class=\"TextRun SCXW16754331 BCX0\" lang=\"ES-MX\" xml:lang=\"ES-MX\" data-contrast=\"auto\"><span class=\"NormalTextRun SCXW16754331 BCX0\">Reduce el impacto ambiental <\/span><span class=\"NormalTextRun SCXW16754331 BCX0\">mediante su\u00a0<\/span><span class=\"NormalTextRun SCXW16754331 BCX0\">fabricaci\u00f3n s<\/span><span class=\"NormalTextRun SCXW16754331 BCX0\">ustentable<\/span><span class=\"NormalTextRun SCXW16754331 BCX0\">.<\/span><\/span><\/li>\n<li><span class=\"TextRun SCXW16754331 BCX0\" lang=\"ES-MX\" xml:lang=\"ES-MX\" data-contrast=\"auto\"><span class=\"NormalTextRun SCXW16754331 BCX0\">Disponible en material ESD.<\/span><\/span><\/li>\n<\/ul>\n<p><strong><span class=\"TextRun SCXW104551896 BCX0\" lang=\"ES-MX\" xml:lang=\"ES-MX\" data-contrast=\"auto\"><span class=\"NormalTextRun SCXW104551896 BCX0\"><br \/>\nCARACTER\u00cdSTICAS DEL PRODUCTO:<\/span><\/span><\/strong><\/p>\n<ul>\n<li><b><span data-contrast=\"auto\">Dimensiones:<\/span><\/b><span data-contrast=\"auto\">24 x 15 x 1 cm<\/span><\/li>\n<li><b><span data-contrast=\"auto\">Compatible con<\/span><\/b><span data-contrast=\"auto\">:\u00a0Contenedores\u00a0<\/span><b><span data-contrast=\"auto\">StakPak\u00a024 x 15<\/span><\/b><span data-contrast=\"auto\">\u00a0(Los contenedores SON no est\u00e1n incluidos).<\/span><\/li>\n<li><b><span data-contrast=\"auto\">Estructura\u00a0reforzada:<\/span><\/b><span data-contrast=\"auto\">\u00a0Mejora la resistencia a deformaciones y mantiene la integridad estructural.<\/span><\/li>\n<li><b><span data-contrast=\"auto\">Leng\u00fcetas\u00a0de bloqueo\u00a0opcionales:<\/span><\/b><span data-contrast=\"auto\">\u00a0Personalizable con\u00a0o sin\u00a0leng\u00fcetas\u00a0seg\u00fan la\u00a0aplicaci\u00f3n.<\/span><\/li>\n<li><b><span data-contrast=\"auto\">Espacio adicional:<\/span><\/b><span data-contrast=\"auto\">\u00a0Holgura\u00a0que\u00a0evita que la tapa se pegue al fondo y garantiza un buen apilamiento.<\/span><span data-ccp-props=\"{}\">\u00a0<\/span><\/li>\n<li><b><span data-contrast=\"auto\">Disponible en tres tama\u00f1os: <\/span><\/b><span data-contrast=\"auto\">RCNXO2415, RCNXO2422 y RCNXO1215<\/span><span data-ccp-props=\"{}\">\u00a0<\/span><\/li>\n<\/ul>\n","protected":false},"excerpt":{"rendered":"<p>La tapa\u00a0RCNXO2415 es la \u00faltima innovaci\u00f3n de ORBIS, dise\u00f1ada espec\u00edficamente para satisfacer las necesidades cambiantes de la industria automotriz. Estas tapas ayudan a proteger las piezas y a mantener estrictos est\u00e1ndares de limpieza.\u00a0Cuentan con una nueva estructura de refuerzos que previene deformaciones y leng\u00fcetas de bloqueo removibles opcionales para facilitar la automatizaci\u00f3n.\u00a0 BENEFICIOS:\u00a0 Protege las [&hellip;]<\/p>\n","protected":false},"featured_media":14522,"template":"","meta":{"_acf_changed":false},"product_brand":[],"product_cat":[1852,1862],"product_tag":[4129],"class_list":{"0":"post-5947","1":"product","2":"type-product","3":"status-publish","4":"has-post-thumbnail","6":"product_cat-hand-held-containers","7":"product_cat-tapas-es-mx","8":"product_tag-24x15-es-mx-2","10":"first","11":"instock","12":"product-type-simple"},"acf":[],"gallery_images":[14523,14524,14525],"_links":{"self":[{"href":"https:\/\/www-stg.orbiscorporation.com\/es-mx\/wp-json\/wp\/v2\/product\/5947","targetHints":{"allow":["GET"]}}],"collection":[{"href":"https:\/\/www-stg.orbiscorporation.com\/es-mx\/wp-json\/wp\/v2\/product"}],"about":[{"href":"https:\/\/www-stg.orbiscorporation.com\/es-mx\/wp-json\/wp\/v2\/types\/product"}],"wp:featuredmedia":[{"embeddable":true,"href":"https:\/\/www-stg.orbiscorporation.com\/es-mx\/wp-json\/wp\/v2\/media\/14522"}],"wp:attachment":[{"href":"https:\/\/www-stg.orbiscorporation.com\/es-mx\/wp-json\/wp\/v2\/media?parent=5947"}],"wp:term":[{"taxonomy":"product_brand","embeddable":true,"href":"https:\/\/www-stg.orbiscorporation.com\/es-mx\/wp-json\/wp\/v2\/product_brand?post=5947"},{"taxonomy":"product_cat","embeddable":true,"href":"https:\/\/www-stg.orbiscorporation.com\/es-mx\/wp-json\/wp\/v2\/product_cat?post=5947"},{"taxonomy":"product_tag","embeddable":true,"href":"https:\/\/www-stg.orbiscorporation.com\/es-mx\/wp-json\/wp\/v2\/product_tag?post=5947"}],"curies":[{"name":"wp","href":"https:\/\/api.w.org\/{rel}","templated":true}]}}