{"id":5983,"date":"2022-11-22T09:53:00","date_gmt":"2022-11-22T15:53:00","guid":{"rendered":"https:\/\/orbiscorporstg.wpengine.com\/product\/hdr3230-25\/"},"modified":"2023-01-23T19:17:54","modified_gmt":"2023-01-24T01:17:54","slug":"hdr3230-25","status":"publish","type":"product","link":"https:\/\/www-stg.orbiscorporation.com\/es-mx\/products\/bulk-containers\/32x30\/hdr3230-25\/","title":{"rendered":"HDR3230-25"},"content":{"rendered":"<table width=\"1139\">\n<tbody>\n<tr>\n<td width=\"1139\">Los contenedores BulkPak 3230 HDR Series de uso rudo son ideales para estampados met\u00e1licos y otros componentes pesados y densos. Los contenedores se colapsan cuando est\u00e1n vac\u00edos reduciendo costos de transporte de retorno y ahorrando espacio de almac\u00e9n. Durante el almacenamiento y embarque estos contenedores bulk se estiban fijamente uno encima de otro. Dise\u00f1ados para soportar 2,000 lb, estos contenedores colapsables est\u00e1n construidos para larga duraci\u00f3n en aplicaciones de uso rudo. La base y paredes del bulkpack ofrecen resistencia y durabilidad robusta demandada en los sistemas de distribuci\u00f3n y manejo de materiales de la actualidad. Dunnage ORBIShield disponible para todos los contenedores ORBIS BulkPak. Estos contenedores son totalmente reciclables al final de su vida \u00fatil a trav\u00e9s del programa ORBIS Buy Back. (Todas las dimensiones y especificaciones son aproximadas. Las caracter\u00edsticas de rendimiento se basan en cargas est\u00e1ticas uniformes y pueden ser afectadas por la distribuci\u00f3n de la carga, m\u00e9todos de manejo, cantidad y tipo de puertas de acceso y temperaturas fuera del rango de 0&amp;deg; a 120&amp;deg; F).<\/p>\n<ul>\n<li>Medida 32 x 30 x 25<\/li>\n<li>Espuma estructural moldeada en polietileno de alta densidad<\/li>\n<li>Broches ergon\u00f3micos pasadores cargados por resorte que permiten colapsar contenedores y abrir o cerrar las puertas de acceso sumamente f\u00e1cil| Plataforma ventilada o s\u00f3lida disponible<\/li>\n<li>Dos opciones de base incluyen entrada para montacargas est\u00e1ndar de 4 v\u00edas y una base transportable con entrada para montacargas de 2 v\u00edas<\/li>\n<li>Puertas de acceso: 0, 1 o 2 puertas en el lado de 32&#8243; (Las configuraciones de puerta var\u00edan conforme al modelo)<\/li>\n<li>Aplicaciones populares: Componentes automotrices, rodamientos, herrajes, equipos industriales, piezas met\u00e1licas, piezas de pl\u00e1stico y de hule, resinas, polvo y herramientas<\/li>\n<\/ul>\n<\/td>\n<\/tr>\n<\/tbody>\n<\/table>\n","protected":false},"excerpt":{"rendered":"<p>Los contenedores BulkPak 3230 HDR Series de uso rudo son ideales para estampados met\u00e1licos y otros componentes pesados y densos. Los contenedores se colapsan cuando est\u00e1n vac\u00edos reduciendo costos de transporte de retorno y ahorrando espacio de almac\u00e9n. Durante el almacenamiento y embarque estos contenedores bulk se estiban fijamente uno encima de otro. Dise\u00f1ados para [&hellip;]<\/p>\n","protected":false},"featured_media":3762,"template":"","meta":{"_acf_changed":false},"product_brand":[],"product_cat":[1828,1826],"product_tag":[1814,1814],"class_list":{"0":"post-5983","1":"product","2":"type-product","3":"status-publish","4":"has-post-thumbnail","6":"product_cat-32x30","7":"product_cat-bulk-containers","8":"product_tag-automotriz","11":"first","12":"instock","13":"product-type-simple"},"acf":[],"gallery_images":[11907,3772,3770,3768,3766,3764],"_links":{"self":[{"href":"https:\/\/www-stg.orbiscorporation.com\/es-mx\/wp-json\/wp\/v2\/product\/5983","targetHints":{"allow":["GET"]}}],"collection":[{"href":"https:\/\/www-stg.orbiscorporation.com\/es-mx\/wp-json\/wp\/v2\/product"}],"about":[{"href":"https:\/\/www-stg.orbiscorporation.com\/es-mx\/wp-json\/wp\/v2\/types\/product"}],"wp:featuredmedia":[{"embeddable":true,"href":"https:\/\/www-stg.orbiscorporation.com\/es-mx\/wp-json\/wp\/v2\/media\/3762"}],"wp:attachment":[{"href":"https:\/\/www-stg.orbiscorporation.com\/es-mx\/wp-json\/wp\/v2\/media?parent=5983"}],"wp:term":[{"taxonomy":"product_brand","embeddable":true,"href":"https:\/\/www-stg.orbiscorporation.com\/es-mx\/wp-json\/wp\/v2\/product_brand?post=5983"},{"taxonomy":"product_cat","embeddable":true,"href":"https:\/\/www-stg.orbiscorporation.com\/es-mx\/wp-json\/wp\/v2\/product_cat?post=5983"},{"taxonomy":"product_tag","embeddable":true,"href":"https:\/\/www-stg.orbiscorporation.com\/es-mx\/wp-json\/wp\/v2\/product_tag?post=5983"}],"curies":[{"name":"wp","href":"https:\/\/api.w.org\/{rel}","templated":true}]}}