{"id":5995,"date":"2022-11-22T11:06:44","date_gmt":"2022-11-22T17:06:44","guid":{"rendered":"https:\/\/orbiscorporstg.wpengine.com\/product\/hdr4048-34\/"},"modified":"2025-10-30T08:08:49","modified_gmt":"2025-10-30T14:08:49","slug":"hdr4048-34","status":"publish","type":"product","link":"https:\/\/www-stg.orbiscorporation.com\/es-mx\/products\/bulk-containers\/40x48\/hdr4048-34\/","title":{"rendered":"HDR4048-34"},"content":{"rendered":"<p>El contenedor BulkPak 4048 HDR series de uso rudo est\u00e1 dise\u00f1ado para aplicaciones robustas. Estos contenedores retornables est\u00e1n hechos de polietileno de alta densidad duradero y resistente para larga vida de rendimiento bajo condiciones rudas y ofrece excelente protecci\u00f3n de producto. Los contenedores Bulk se colapsan cuando est\u00e1n vac\u00edos reduciendo costos de transporte de retorno y ahorrando espacio de almac\u00e9n. Durante el almacenamiento y embarque estos contenedores bulk se estiban fijamente uno encima de otro. Puerta de acceso grande para acceder al interior. Las cajas de tarima ofrecen la resistencia y durabilidad robusta demandada en los sistemas de distribuci\u00f3n y manejo de materiales de la actualidad. Relleno interior protector hecho a la medida disponible para todos los contenedores ORBIS BulkPak. Estos contenedores son totalmente reciclables al final de su vida \u00fatil. (Todas las dimensiones y especificaciones son aproximadas. Las caracter\u00edsticas de rendimiento se basan en cargas est\u00e1ticas uniformes y pueden ser afectadas por la distribuci\u00f3n de la carga, m\u00e9todos de manejo, cantidad y tipo de puertas de acceso y temperaturas fuera del rango de 0&amp;deg; a 120&amp;deg; F).<\/p>\n<ul>\n<li>Medida 40 x 48 x 34<\/li>\n<li>Espuma estructural moldeada en polietileno de alta densidad<\/li>\n<li>Capacidad del contenedor: 2,000 lb<\/li>\n<li>Puertas de acceso: 0 puertas o 2 puertas (lado largo)<\/li>\n<li>Base: Fondo de marco completo totalmente de pl\u00e1stico<\/li>\n<li>Plataforma: S\u00f3lida<\/li>\n<li>Paredes laterales: S\u00f3lida<\/li>\n<li>Aplicaciones populares: Componentes automotrices, rodamientos, herrajes, equipos industriales, piezas met\u00e1licas, piezas de pl\u00e1stico y de hule, resinas, polvo y herramientas<\/li>\n<\/ul>\n","protected":false},"excerpt":{"rendered":"<p>El contenedor BulkPak 4048 HDR series de uso rudo est\u00e1 dise\u00f1ado para aplicaciones robustas. Estos contenedores retornables est\u00e1n hechos de polietileno de alta densidad duradero y resistente para larga vida de rendimiento bajo condiciones rudas y ofrece excelente protecci\u00f3n de producto. Los contenedores Bulk se colapsan cuando est\u00e1n vac\u00edos reduciendo costos de transporte de retorno [&hellip;]<\/p>\n","protected":false},"featured_media":3824,"template":"","meta":{"_acf_changed":false},"product_brand":[],"product_cat":[1829,1826],"product_tag":[1819,86],"class_list":{"0":"post-5995","1":"product","2":"type-product","3":"status-publish","4":"has-post-thumbnail","6":"product_cat-40x48","7":"product_cat-bulk-containers","8":"product_tag-fabricacion-de-alimentos","9":"product_tag-food-manufacturing","11":"first","12":"instock","13":"product-type-simple"},"acf":[],"gallery_images":[3832,3830,3828,3826,3822],"_links":{"self":[{"href":"https:\/\/www-stg.orbiscorporation.com\/es-mx\/wp-json\/wp\/v2\/product\/5995","targetHints":{"allow":["GET"]}}],"collection":[{"href":"https:\/\/www-stg.orbiscorporation.com\/es-mx\/wp-json\/wp\/v2\/product"}],"about":[{"href":"https:\/\/www-stg.orbiscorporation.com\/es-mx\/wp-json\/wp\/v2\/types\/product"}],"wp:featuredmedia":[{"embeddable":true,"href":"https:\/\/www-stg.orbiscorporation.com\/es-mx\/wp-json\/wp\/v2\/media\/3824"}],"wp:attachment":[{"href":"https:\/\/www-stg.orbiscorporation.com\/es-mx\/wp-json\/wp\/v2\/media?parent=5995"}],"wp:term":[{"taxonomy":"product_brand","embeddable":true,"href":"https:\/\/www-stg.orbiscorporation.com\/es-mx\/wp-json\/wp\/v2\/product_brand?post=5995"},{"taxonomy":"product_cat","embeddable":true,"href":"https:\/\/www-stg.orbiscorporation.com\/es-mx\/wp-json\/wp\/v2\/product_cat?post=5995"},{"taxonomy":"product_tag","embeddable":true,"href":"https:\/\/www-stg.orbiscorporation.com\/es-mx\/wp-json\/wp\/v2\/product_tag?post=5995"}],"curies":[{"name":"wp","href":"https:\/\/api.w.org\/{rel}","templated":true}]}}