{"id":6000,"date":"2022-11-22T11:11:42","date_gmt":"2022-11-22T17:11:42","guid":{"rendered":"https:\/\/orbiscorporstg.wpengine.com\/product\/hdmp4845-34\/"},"modified":"2025-10-30T08:16:45","modified_gmt":"2025-10-30T14:16:45","slug":"hdmp4845-34","status":"publish","type":"product","link":"https:\/\/www-stg.orbiscorporation.com\/es-mx\/products\/bulk-containers\/48x45\/hdmp4845-34\/","title":{"rendered":"HDMP4845-34"},"content":{"rendered":"<p>ORBIS Corporation ha introducido un nuevo contenedor bulk retornable, el HDMP4845-34,dise\u00f1ado para acomodar112 contenedores llenos por carga de transporte interno y252 contenedores colapsados por carga de transporte de retorno. Los nuevos contenedores BulkPak HDMP4845 Series se estiban fijamente cuando est\u00e1n llenos y se colapsan cuando est\u00e1n vac\u00edos para bajos costos de transporte de retorno y almacenamiento condensado.\u00a0 Disponibles en dos alturas (27.0&#8243; y 34.0&#8243;), estascajas de tarimaofrecen 1,800 capacidades de carga. El HDMP4845-34 es de un \u00fanico tama\u00f1o, disponible \u00fanicamente de ORBIS y ofrece 10% m\u00e1s capacidad interna que los contenedores comparables. Relleno interior protector hecho a la medida disponible para todos los contenedores ORBIS BulkPak.<\/p>\n<ul>\n<li>Los broches robustos cargados por resorte aguantan el manejo con seguridad<\/li>\n<li>Rayas de color indicadoras en la base para aumentar la l\u00ednea visual de la entrada de las puntas de horquillas<\/li>\n<li>8% de ganancia en densidad de embarque contra 25&#8243; est\u00e1ndar, permitiendo m\u00e1s producto por versi\u00f3n de contenedor (26.5&#8243;)<\/li>\n<li>Larguero inferior reemplazable que reduce el costo de reemplazo de la base completa, reduciendo los costos totales de activos durante la vida del contenedor<\/li>\n<li>Totalmente compatible con contenedores bulk 48 x 45 bulk de la industria<\/li>\n<li>Las paredes laterales estructurales ofrecen alto nivel de durabilidad y capacidad de carga<\/li>\n<li>Se estiba firmemente<\/li>\n<\/ul>\n","protected":false},"excerpt":{"rendered":"<p>ORBIS Corporation ha introducido un nuevo contenedor bulk retornable, el HDMP4845-34,dise\u00f1ado para acomodar112 contenedores llenos por carga de transporte interno y252 contenedores colapsados por carga de transporte de retorno. Los nuevos contenedores BulkPak HDMP4845 Series se estiban fijamente cuando est\u00e1n llenos y se colapsan cuando est\u00e1n vac\u00edos para bajos costos de transporte de retorno y [&hellip;]<\/p>\n","protected":false},"featured_media":3720,"template":"","meta":{"_acf_changed":false},"product_brand":[],"product_cat":[1830,1826],"product_tag":[1814],"class_list":{"0":"post-6000","1":"product","2":"type-product","3":"status-publish","4":"has-post-thumbnail","6":"product_cat-48x45","7":"product_cat-bulk-containers","8":"product_tag-automotriz","10":"first","11":"instock","12":"product-type-simple"},"acf":[],"gallery_images":[3730,3728,3726,3724,3722,11912],"_links":{"self":[{"href":"https:\/\/www-stg.orbiscorporation.com\/es-mx\/wp-json\/wp\/v2\/product\/6000","targetHints":{"allow":["GET"]}}],"collection":[{"href":"https:\/\/www-stg.orbiscorporation.com\/es-mx\/wp-json\/wp\/v2\/product"}],"about":[{"href":"https:\/\/www-stg.orbiscorporation.com\/es-mx\/wp-json\/wp\/v2\/types\/product"}],"wp:featuredmedia":[{"embeddable":true,"href":"https:\/\/www-stg.orbiscorporation.com\/es-mx\/wp-json\/wp\/v2\/media\/3720"}],"wp:attachment":[{"href":"https:\/\/www-stg.orbiscorporation.com\/es-mx\/wp-json\/wp\/v2\/media?parent=6000"}],"wp:term":[{"taxonomy":"product_brand","embeddable":true,"href":"https:\/\/www-stg.orbiscorporation.com\/es-mx\/wp-json\/wp\/v2\/product_brand?post=6000"},{"taxonomy":"product_cat","embeddable":true,"href":"https:\/\/www-stg.orbiscorporation.com\/es-mx\/wp-json\/wp\/v2\/product_cat?post=6000"},{"taxonomy":"product_tag","embeddable":true,"href":"https:\/\/www-stg.orbiscorporation.com\/es-mx\/wp-json\/wp\/v2\/product_tag?post=6000"}],"curies":[{"name":"wp","href":"https:\/\/api.w.org\/{rel}","templated":true}]}}