{"id":6057,"date":"2022-11-22T12:46:45","date_gmt":"2022-11-22T18:46:45","guid":{"rendered":"https:\/\/orbiscorporstg.wpengine.com\/product\/xpressbulk-milk-dolly\/"},"modified":"2023-01-24T18:18:43","modified_gmt":"2023-01-25T00:18:43","slug":"xpressbulk-milk-dolly","status":"publish","type":"product","link":"https:\/\/www-stg.orbiscorporation.com\/es-mx\/products\/movil-y-merchandising\/merchandising\/xpressbulk-milk-dolly\/","title":{"rendered":"XpressBulk Milk Dolly"},"content":{"rendered":"<p>El XpressBulk es un sistema de comercializaci\u00f3n listo para la venta minorista, completamente reutilizable y de un solo toque, dise\u00f1ado para entregas minoristas. Este sistema de entrega m\u00f3vil est\u00e1 dise\u00f1ado para agilizar el reabastecimiento de productos en las tiendas. Una vez en el comercio minorista, este sistema de entrega est\u00e1 dise\u00f1ado para una descarga r\u00e1pida, lo que reduce la dependencia del personal minorista para la descarga. Permite a los asociados minoristas sacarlo de los camiones y llevarlo directamente a las c\u00e1maras frigor\u00edficas. Adem\u00e1s, elimina la descarga y la necesidad de equipos de manipulaci\u00f3n de materiales voluminosos en un entorno minorista.<\/p>\n<ul>\n<li>Estiba segura en plataformas rodantes y bandejas anidables para maximizar el espacio de almacenamiento y transporte<\/li>\n<li>Personalizado para dos opciones de botellas: Dura-Lite\u00ae y Mid-America 8396<\/li>\n<li>Freno de rueda de bloqueo total para garantizar mayor seguridad para el tr\u00e1nsito y la exhibici\u00f3n con pedal codificado por color<\/li>\n<li>F\u00e1cil de reparar. No se necesitan m\u00e1s tuercas y pernos con el dise\u00f1o comprobado de ORBIS accionado por sujetadores, lo que simplifica el mantenimiento de la plataforma rodante, manija removible para aumentar el espacio de almacenamiento.<\/li>\n<li>El ancho de 24.9\u201d cabe f\u00e1cilmente a trav\u00e9s de bodegas reducidas y c\u00e1maras frigor\u00edficas de exhibici\u00f3n est\u00e1ndar<\/li>\n<li>Compatibilidad con montacargas de dos v\u00edas y carretillas de mano (t\u00fanel de horquillas de 21\u201d)<\/li>\n<li>Compatible con los sistemas automatizados l\u00edderes en la industria.<\/li>\n<li>La rueda libre de mantenimiento es autolubricante con cojinetes resistentes a la corrosi\u00f3n<\/li>\n<\/ul>\n","protected":false},"excerpt":{"rendered":"<p>El XpressBulk es un sistema de comercializaci\u00f3n listo para la venta minorista, completamente reutilizable y de un solo toque, dise\u00f1ado para entregas minoristas. Este sistema de entrega m\u00f3vil est\u00e1 dise\u00f1ado para agilizar el reabastecimiento de productos en las tiendas. Una vez en el comercio minorista, este sistema de entrega est\u00e1 dise\u00f1ado para una descarga r\u00e1pida, [&hellip;]<\/p>\n","protected":false},"featured_media":5154,"template":"","meta":{"_acf_changed":false},"product_brand":[],"product_cat":[1843,1842],"product_tag":[1816,1817,1824],"class_list":{"0":"post-6057","1":"product","2":"type-product","3":"status-publish","4":"has-post-thumbnail","6":"product_cat-merchandising","7":"product_cat-movil-y-merchandising","8":"product_tag-bebidas","9":"product_tag-lactea","10":"product_tag-minoristas-comercializacion","12":"first","13":"instock","14":"product-type-simple"},"acf":[],"gallery_images":[5156,5152],"_links":{"self":[{"href":"https:\/\/www-stg.orbiscorporation.com\/es-mx\/wp-json\/wp\/v2\/product\/6057","targetHints":{"allow":["GET"]}}],"collection":[{"href":"https:\/\/www-stg.orbiscorporation.com\/es-mx\/wp-json\/wp\/v2\/product"}],"about":[{"href":"https:\/\/www-stg.orbiscorporation.com\/es-mx\/wp-json\/wp\/v2\/types\/product"}],"wp:featuredmedia":[{"embeddable":true,"href":"https:\/\/www-stg.orbiscorporation.com\/es-mx\/wp-json\/wp\/v2\/media\/5154"}],"wp:attachment":[{"href":"https:\/\/www-stg.orbiscorporation.com\/es-mx\/wp-json\/wp\/v2\/media?parent=6057"}],"wp:term":[{"taxonomy":"product_brand","embeddable":true,"href":"https:\/\/www-stg.orbiscorporation.com\/es-mx\/wp-json\/wp\/v2\/product_brand?post=6057"},{"taxonomy":"product_cat","embeddable":true,"href":"https:\/\/www-stg.orbiscorporation.com\/es-mx\/wp-json\/wp\/v2\/product_cat?post=6057"},{"taxonomy":"product_tag","embeddable":true,"href":"https:\/\/www-stg.orbiscorporation.com\/es-mx\/wp-json\/wp\/v2\/product_tag?post=6057"}],"curies":[{"name":"wp","href":"https:\/\/api.w.org\/{rel}","templated":true}]}}