{"id":6060,"date":"2022-11-22T12:46:45","date_gmt":"2022-11-22T18:46:45","guid":{"rendered":"https:\/\/orbiscorporstg.wpengine.com\/product\/40-x-24-xpressbulk-sn-tray\/"},"modified":"2023-02-20T10:46:36","modified_gmt":"2023-02-20T16:46:36","slug":"40-x-24-xpressbulk-sn-tray","status":"publish","type":"product","link":"https:\/\/www-stg.orbiscorporation.com\/es-mx\/products\/movil-y-merchandising\/merchandising\/40-x-24-xpressbulk-sn-tray\/","title":{"rendered":"40 x 24 XpressBulk SN Tray"},"content":{"rendered":"<p>Las bandejas de exhibici\u00f3n XpressBulk de ORBIS son<\/p>\n<p><span style=\"font-style: inherit; font-weight: inherit;\">una soluci\u00f3n lista para su uso en tiendas de autoservicio que ofrecen un reemplazo eficiente y sustentable para el proceso de reabastecimiento manual.<\/span><\/p>\n<p><span style=\"font-style: inherit; font-weight: inherit;\">XpressBulk ofrece varios beneficios de manejo de materiales:<\/span><\/p>\n<ul>\n<li><span style=\"font-style: inherit; font-weight: inherit;\"> Entregas eficientes mediante una transferencia r\u00e1pida y sencilla del producto del cami\u00f3n a la tienda<\/span><\/li>\n<li><span style=\"font-style: inherit; font-weight: inherit;\"> Reducci\u00f3n en el manejo de productos para mejorar la eficiencia de la mano de obra en la tienda y la disponibilidad en el estante para los clientes<\/span><\/li>\n<li><span style=\"font-style: inherit; font-weight: inherit;\"> Elimine el proceso de reabastecimiento manual de sus estantes el cual requiere mano de obra intensa<\/span><\/li>\n<li><span style=\"font-style: inherit; font-weight: inherit;\"> Un reemplazo sustentable para la mercanc\u00eda en caja de cart\u00f3n<\/span><\/li>\n<li><span style=\"font-style: inherit; font-weight: inherit;\"> Mayor seguridad para los trabajadores al eliminar la necesidad de navajas para abrir cajas.<\/span><\/li>\n<\/ul>\n","protected":false},"excerpt":{"rendered":"<p>Las bandejas de exhibici\u00f3n XpressBulk de ORBIS son una soluci\u00f3n lista para su uso en tiendas de autoservicio que ofrecen un reemplazo eficiente y sustentable para el proceso de reabastecimiento manual. XpressBulk ofrece varios beneficios de manejo de materiales: Entregas eficientes mediante una transferencia r\u00e1pida y sencilla del producto del cami\u00f3n a la tienda Reducci\u00f3n [&hellip;]<\/p>\n","protected":false},"featured_media":5002,"template":"","meta":{"_acf_changed":false},"product_brand":[],"product_cat":[1843,1842],"product_tag":[1819,1824],"class_list":{"0":"post-6060","1":"product","2":"type-product","3":"status-publish","4":"has-post-thumbnail","6":"product_cat-merchandising","7":"product_cat-movil-y-merchandising","8":"product_tag-fabricacion-de-alimentos","9":"product_tag-minoristas-comercializacion","11":"first","12":"instock","13":"product-type-simple"},"acf":[],"gallery_images":[5006,4994,4992,4988],"_links":{"self":[{"href":"https:\/\/www-stg.orbiscorporation.com\/es-mx\/wp-json\/wp\/v2\/product\/6060","targetHints":{"allow":["GET"]}}],"collection":[{"href":"https:\/\/www-stg.orbiscorporation.com\/es-mx\/wp-json\/wp\/v2\/product"}],"about":[{"href":"https:\/\/www-stg.orbiscorporation.com\/es-mx\/wp-json\/wp\/v2\/types\/product"}],"wp:featuredmedia":[{"embeddable":true,"href":"https:\/\/www-stg.orbiscorporation.com\/es-mx\/wp-json\/wp\/v2\/media\/5002"}],"wp:attachment":[{"href":"https:\/\/www-stg.orbiscorporation.com\/es-mx\/wp-json\/wp\/v2\/media?parent=6060"}],"wp:term":[{"taxonomy":"product_brand","embeddable":true,"href":"https:\/\/www-stg.orbiscorporation.com\/es-mx\/wp-json\/wp\/v2\/product_brand?post=6060"},{"taxonomy":"product_cat","embeddable":true,"href":"https:\/\/www-stg.orbiscorporation.com\/es-mx\/wp-json\/wp\/v2\/product_cat?post=6060"},{"taxonomy":"product_tag","embeddable":true,"href":"https:\/\/www-stg.orbiscorporation.com\/es-mx\/wp-json\/wp\/v2\/product_tag?post=6060"}],"curies":[{"name":"wp","href":"https:\/\/api.w.org\/{rel}","templated":true}]}}