{"id":6064,"date":"2022-11-22T12:54:14","date_gmt":"2022-11-22T18:54:14","guid":{"rendered":"https:\/\/orbiscorporstg.wpengine.com\/product\/80-x-60-dolly\/"},"modified":"2023-01-24T17:13:50","modified_gmt":"2023-01-24T23:13:50","slug":"80-x-60-dolly","status":"publish","type":"product","link":"https:\/\/www-stg.orbiscorporation.com\/es-mx\/products\/movil-y-merchandising\/tarimas-moviles\/80-x-60-dolly\/","title":{"rendered":"80 x 60 Dolly"},"content":{"rendered":"<p>El Dolly 80 x 60 est\u00e1 dise\u00f1ado para mover cargas de manera eficiente desde los almacenes hasta el comercio minorista. Ofrece funciones de \u00faltima generaci\u00f3n candados en la superficie que aseguran las cargas en su lugar y ruedas duraderas de 3&#8243; que minimizan el ruido y brindan durabilidad en terrenos accidentados. La manija de bloqueo opcional permite empujar y jalar. Cuando no se usa, la manija se pliega sobre la plataforma rodante para un almacenamiento eficiente.<\/p>\n<ul>\n<li>Reducir los tiempos de carga y descarga en las tiendas minoristas<\/li>\n<li>Alternativa eficiente a los env\u00edos de carga en piso<\/li>\n<li>El espacio reducido mejora la utilizaci\u00f3n del cubica del tr\u00e1iler, caben 4 en camiones est\u00e1ndar<\/li>\n<li>Menor costo total, con un ROI atractivo<\/li>\n<\/ul>\n","protected":false},"excerpt":{"rendered":"<p>El Dolly 80 x 60 est\u00e1 dise\u00f1ado para mover cargas de manera eficiente desde los almacenes hasta el comercio minorista. Ofrece funciones de \u00faltima generaci\u00f3n candados en la superficie que aseguran las cargas en su lugar y ruedas duraderas de 3&#8243; que minimizan el ruido y brindan durabilidad en terrenos accidentados. La manija de bloqueo [&hellip;]<\/p>\n","protected":false},"featured_media":3302,"template":"","meta":{"_acf_changed":false},"product_brand":[],"product_cat":[1845,1842],"product_tag":[1818,1823],"class_list":{"0":"post-6064","1":"product","2":"type-product","3":"status-publish","4":"has-post-thumbnail","6":"product_cat-bases-rodantes","7":"product_cat-movil-y-merchandising","8":"product_tag-comercio-electronico","9":"product_tag-minoristas-distribucion","11":"first","12":"instock","13":"product-type-simple"},"acf":[],"gallery_images":[3310,3308,3306,3304],"_links":{"self":[{"href":"https:\/\/www-stg.orbiscorporation.com\/es-mx\/wp-json\/wp\/v2\/product\/6064","targetHints":{"allow":["GET"]}}],"collection":[{"href":"https:\/\/www-stg.orbiscorporation.com\/es-mx\/wp-json\/wp\/v2\/product"}],"about":[{"href":"https:\/\/www-stg.orbiscorporation.com\/es-mx\/wp-json\/wp\/v2\/types\/product"}],"wp:featuredmedia":[{"embeddable":true,"href":"https:\/\/www-stg.orbiscorporation.com\/es-mx\/wp-json\/wp\/v2\/media\/3302"}],"wp:attachment":[{"href":"https:\/\/www-stg.orbiscorporation.com\/es-mx\/wp-json\/wp\/v2\/media?parent=6064"}],"wp:term":[{"taxonomy":"product_brand","embeddable":true,"href":"https:\/\/www-stg.orbiscorporation.com\/es-mx\/wp-json\/wp\/v2\/product_brand?post=6064"},{"taxonomy":"product_cat","embeddable":true,"href":"https:\/\/www-stg.orbiscorporation.com\/es-mx\/wp-json\/wp\/v2\/product_cat?post=6064"},{"taxonomy":"product_tag","embeddable":true,"href":"https:\/\/www-stg.orbiscorporation.com\/es-mx\/wp-json\/wp\/v2\/product_tag?post=6064"}],"curies":[{"name":"wp","href":"https:\/\/api.w.org\/{rel}","templated":true}]}}